{"id":13,"date":"2019-12-04T09:26:58","date_gmt":"2019-12-04T08:26:58","guid":{"rendered":"https:\/\/tournebois.naslin.eu\/?page_id=13"},"modified":"2025-12-26T22:28:53","modified_gmt":"2025-12-26T21:28:53","slug":"a-propos-de","status":"publish","type":"page","link":"https:\/\/tournebois.naslin.eu\/index.php\/a-propos-de\/","title":{"rendered":"\u00c0 propos"},"content":{"rendered":"\n<p class=\"has-drop-cap has-medium-font-size\">Faire tourner des morceaux de bois, non cela n&rsquo;a rien \u00e0 voir avec le spiritisme et les tables qui tournent.<br>  Faire tourner des morceaux de bois, quelle dr\u00f4le d&rsquo;id\u00e9e !<br>  Id\u00e9e pas vraiment neuve en r\u00e9alit\u00e9 : il y a plus de 3000 ans, les \u00e9gyptiens le faisaient d\u00e9j\u00e0.<br>  Pour moi, le tournage du bois c&rsquo;est quand m\u00eame un peu plus r\u00e9cent. Sur ce site, j&rsquo;essaie de montrer quelques objets r\u00e9alis\u00e9s en tournage depuis quelques ann\u00e9es. Un peu de menuiserie aussi.<br>  Si vous visitez ce blog, laissez-moi un commentaire sur les objets qui vous ont plu ou d\u00e9plu ; en essayant d&rsquo;expliquer pourquoi. Cela me servira sans doute.<br>  Merci d&rsquo;avance et bonne visite.<\/p>\n\n\n\n<p class=\"has-text-align-right has-medium-font-size\">Guy Naslin<\/p>\n\n\n\n<p><\/p>\n","protected":false},"excerpt":{"rendered":"<p>Faire tourner des morceaux de bois, non cela n&rsquo;a rien \u00e0 voir avec le spiritisme et les tables qui tournent. Faire tourner des morceaux de bois, quelle dr\u00f4le d&rsquo;id\u00e9e ! Id\u00e9e pas vraiment neuve en r\u00e9alit\u00e9 : il y a plus de 3000 ans, les \u00e9gyptiens le faisaient d\u00e9j\u00e0. Pour moi, le tournage du bois [&hellip;]<\/p>\n","protected":false},"author":1,"featured_media":0,"parent":0,"menu_order":0,"comment_status":"open","ping_status":"closed","template":"","meta":{"footnotes":""},"class_list":["post-13","page","type-page","status-publish","hentry"],"_links":{"self":[{"href":"https:\/\/tournebois.naslin.eu\/index.php\/wp-json\/wp\/v2\/pages\/13","targetHints":{"allow":["GET"]}}],"collection":[{"href":"https:\/\/tournebois.naslin.eu\/index.php\/wp-json\/wp\/v2\/pages"}],"about":[{"href":"https:\/\/tournebois.naslin.eu\/index.php\/wp-json\/wp\/v2\/types\/page"}],"author":[{"embeddable":true,"href":"https:\/\/tournebois.naslin.eu\/index.php\/wp-json\/wp\/v2\/users\/1"}],"replies":[{"embeddable":true,"href":"https:\/\/tournebois.naslin.eu\/index.php\/wp-json\/wp\/v2\/comments?post=13"}],"version-history":[{"count":4,"href":"https:\/\/tournebois.naslin.eu\/index.php\/wp-json\/wp\/v2\/pages\/13\/revisions"}],"predecessor-version":[{"id":824,"href":"https:\/\/tournebois.naslin.eu\/index.php\/wp-json\/wp\/v2\/pages\/13\/revisions\/824"}],"wp:attachment":[{"href":"https:\/\/tournebois.naslin.eu\/index.php\/wp-json\/wp\/v2\/media?parent=13"}],"curies":[{"name":"wp","href":"https:\/\/api.w.org\/{rel}","templated":true}]}}